{"id":119,"date":"2020-02-12T13:52:01","date_gmt":"2020-02-12T12:52:01","guid":{"rendered":"https:\/\/hostal-alegria.com\/?page_id=119"},"modified":"2020-10-13T11:08:09","modified_gmt":"2020-10-13T09:08:09","slug":"aviso-legal","status":"publish","type":"page","link":"https:\/\/hostal-alegria.com\/en\/aviso-legal\/","title":{"rendered":"Aviso Legal"},"content":{"rendered":"\t\t<div data-elementor-type=\"wp-page\" data-elementor-id=\"119\" class=\"elementor elementor-119\" data-elementor-post-type=\"page\">\n\t\t\t\t\t\t<section class=\"elementor-section elementor-top-section elementor-element elementor-element-14cc4e5 elementor-section-boxed elementor-section-height-default elementor-section-height-default\" data-id=\"14cc4e5\" data-element_type=\"section\" data-e-type=\"section\">\n\t\t\t\t\t\t<div class=\"elementor-container elementor-column-gap-default\">\n\t\t\t\t\t<div class=\"elementor-column elementor-col-100 elementor-top-column elementor-element elementor-element-79a79df\" data-id=\"79a79df\" data-element_type=\"column\" data-e-type=\"column\">\n\t\t\t<div class=\"elementor-widget-wrap elementor-element-populated\">\n\t\t\t\t\t\t<div class=\"elementor-element elementor-element-4a8543be elementor-widget elementor-widget-text-editor\" data-id=\"4a8543be\" data-element_type=\"widget\" data-e-type=\"widget\" data-widget_type=\"text-editor.default\">\n\t\t\t\t<div class=\"elementor-widget-container\">\n\t\t\t\t\t\t\t\t\t\n<p>Hostal Alegr\u00eda, provisto con NIF\/CIF 50944452-G, direcci\u00f3n c\/Rafael de Riego 8, 5\u00ba 28045 \u2013 Madrid,    no    puede asumir    ninguna    responsabilidad    derivada    del    uso incorrecto, inapropiado o il\u00edcito de la informaci\u00f3n aparecida en la p\u00e1gina de Internet de https:\/\/www.hostal-alegria.com\/es\/  <\/p>\n\n\n\n<p>Con  los  l\u00edmites  establecidos  en  la  ley,  Hostal Alegr\u00eda  no  asume  ninguna  responsabilidad derivada de la falta de veracidad, integridad, actualizaci\u00f3n y precisi\u00f3n de los datos o informaciones que se contienen en sus p\u00e1ginas de Internet.<\/p>\n\n\n\n<p>Los  contenidos  e  informaci\u00f3n  no  vinculan  a  Hostal Alegr\u00eda ni  constituyen  opiniones,  consejos  o asesoramiento  legal  de  ning\u00fan  tipo  pues  se  trata  meramente  de  un  servicio  ofrecido  con  car\u00e1cter  informativo  y divulgativo.<\/p>\n\n\n\n<p>La p\u00e1gina de Internet de https:\/\/www.hostal-alegria.com\/es\/ puede contener enlaces (links) a otras p\u00e1ginas de terceras partes que Hostal Alegr\u00eda no puedecontrolar. Por lo tanto, Hostal Alegr\u00eda  no  puede  asumir  responsabilidades  por  el  contenido  que  pueda  aparecer  en p\u00e1ginas de terceros. <\/p>\n\n\n\n<p>Los textos, im\u00e1genes, sonidos, animaciones, software y el resto de contenidos incluidos en este website son propiedad exclusiva  de  Hostal Alegr\u00eda  o  sus  licenciantes.  Cualquier  acto  de  transmisi\u00f3n,  distribuci\u00f3n, cesi\u00f3n,  reproducci\u00f3n,  almacenamiento  o  comunicaci\u00f3n  p\u00fablica  total  o  parcial,  debe  contar  con  el  consentimiento expreso de Hostal Alegr\u00eda <\/p>\n\n\n\n<p>Asimismo, para acceder a algunos de los servicios que  Hostal Alegr\u00eda ofrece a trav\u00e9s del website deber\u00e1  proporcionar  algunos  datos  de  car\u00e1cter  personal.  En  cumplimiento  de  lo  establecido  en  el  Reglamento  (UE) 2016\/679 del Parlamento Europeo y del Consejo, de 27 de abril de 2016, relativo a la protecci\u00f3n de las personas f\u00edsicas en  lo  que  respecta  al  tratamiento  de  datos  personales  y  a  la  libre  circulaci\u00f3n  de  estos  datos  le  informamos  que, mediante  la  cumplimentaci\u00f3n  de  los  presentes  formularios,  sus  datos  personales  quedar\u00e1n  incorporados  y  ser\u00e1n tratados en los ficheros de Hostal Alegr\u00eda con el fin de poderle prestar y ofrecer nuestros servicios as\u00ed como  para  informarle  de  las  mejoras  del  sitio  Web.  Asimismo,  le informamos  de  la  posibilidad  de  que  ejerza  los derechos de acceso, rectificaci\u00f3n, cancelaci\u00f3n y oposici\u00f3n de sus datos de car\u00e1cter personal, manera gratuita mediante email a https:\/\/www.hostal-alegria.com\/es\/ o en la direcci\u00f3n c\/Rafael de Riego 8, 5\u00ba 28045 \u2013 Madrid<\/p>\n\t\t\t\t\t\t\t\t<\/div>\n\t\t\t\t<\/div>\n\t\t\t\t\t<\/div>\n\t\t<\/div>\n\t\t\t\t\t<\/div>\n\t\t<\/section>\n\t\t\t\t<\/div>\n\t\t","protected":false},"excerpt":{"rendered":"<p>, provisto con NIF\/CIF , direcci\u00f3n , no puede asumir ninguna responsabilidad derivada del uso incorrecto, inapropiado o il\u00edcito de la informaci\u00f3n aparecida en la p\u00e1gina de Internet de Con los l\u00edmites establecidos en la ley, no asume ninguna responsabilidad derivada de la falta de veracidad, integridad, actualizaci\u00f3n y precisi\u00f3n de los datos o informaciones [&hellip;]<\/p>\n","protected":false},"author":1,"featured_media":0,"parent":0,"menu_order":0,"comment_status":"closed","ping_status":"closed","template":"elementor_header_footer","meta":{"_acf_changed":false,"footnotes":""},"class_list":["post-119","page","type-page","status-publish","hentry"],"yoast_head":"<!-- This site is optimized with the Yoast SEO plugin v27.5 - https:\/\/yoast.com\/product\/yoast-seo-wordpress\/ -->\n<title>Aviso Legal - Hostel Alegr\u00eda in Atocha, Madrid center<\/title>\n<meta name=\"robots\" content=\"index, follow, max-snippet:-1, max-image-preview:large, max-video-preview:-1\" \/>\n<link rel=\"canonical\" href=\"https:\/\/hostal-alegria.com\/en\/aviso-legal\/\" \/>\n<meta property=\"og:locale\" content=\"es_ES\" \/>\n<meta property=\"og:type\" content=\"article\" \/>\n<meta property=\"og:title\" content=\"Aviso Legal - Hostel Alegr\u00eda in Atocha, Madrid center\" \/>\n<meta property=\"og:description\" content=\", provisto con NIF\/CIF , direcci\u00f3n , no puede asumir ninguna responsabilidad derivada del uso incorrecto, inapropiado o il\u00edcito de la informaci\u00f3n aparecida en la p\u00e1gina de Internet de Con los l\u00edmites establecidos en la ley, no asume ninguna responsabilidad derivada de la falta de veracidad, integridad, actualizaci\u00f3n y precisi\u00f3n de los datos o informaciones [&hellip;]\" \/>\n<meta property=\"og:url\" content=\"https:\/\/hostal-alegria.com\/en\/aviso-legal\/\" \/>\n<meta property=\"og:site_name\" content=\"Hostel Alegr\u00eda in Atocha, Madrid center\" \/>\n<meta property=\"article:modified_time\" content=\"2020-10-13T09:08:09+00:00\" \/>\n<meta name=\"twitter:card\" content=\"summary_large_image\" \/>\n<meta name=\"twitter:label1\" content=\"Tiempo de lectura\" \/>\n\t<meta name=\"twitter:data1\" content=\"2 minutos\" \/>\n<script type=\"application\/ld+json\" class=\"yoast-schema-graph\">{\"@context\":\"https:\\\/\\\/schema.org\",\"@graph\":[{\"@type\":\"WebPage\",\"@id\":\"https:\\\/\\\/hostal-alegria.com\\\/en\\\/aviso-legal\\\/\",\"url\":\"https:\\\/\\\/hostal-alegria.com\\\/en\\\/aviso-legal\\\/\",\"name\":\"Aviso Legal - Hostel Alegr\u00eda in Atocha, Madrid center\",\"isPartOf\":{\"@id\":\"https:\\\/\\\/hostal-alegria.com\\\/en\\\/#website\"},\"datePublished\":\"2020-02-12T12:52:01+00:00\",\"dateModified\":\"2020-10-13T09:08:09+00:00\",\"breadcrumb\":{\"@id\":\"https:\\\/\\\/hostal-alegria.com\\\/en\\\/aviso-legal\\\/#breadcrumb\"},\"inLanguage\":\"es\",\"potentialAction\":[{\"@type\":\"ReadAction\",\"target\":[\"https:\\\/\\\/hostal-alegria.com\\\/en\\\/aviso-legal\\\/\"]}]},{\"@type\":\"BreadcrumbList\",\"@id\":\"https:\\\/\\\/hostal-alegria.com\\\/en\\\/aviso-legal\\\/#breadcrumb\",\"itemListElement\":[{\"@type\":\"ListItem\",\"position\":1,\"name\":\"Portada\",\"item\":\"https:\\\/\\\/hostal-alegria.com\\\/en\\\/\"},{\"@type\":\"ListItem\",\"position\":2,\"name\":\"Aviso Legal\"}]},{\"@type\":\"WebSite\",\"@id\":\"https:\\\/\\\/hostal-alegria.com\\\/en\\\/#website\",\"url\":\"https:\\\/\\\/hostal-alegria.com\\\/en\\\/\",\"name\":\"Hostel Alegr\u00eda in Atocha, Madrid center\",\"description\":\"Official Website - Best Price Guaranteed\",\"publisher\":{\"@id\":\"https:\\\/\\\/hostal-alegria.com\\\/en\\\/#organization\"},\"potentialAction\":[{\"@type\":\"SearchAction\",\"target\":{\"@type\":\"EntryPoint\",\"urlTemplate\":\"https:\\\/\\\/hostal-alegria.com\\\/en\\\/?s={search_term_string}\"},\"query-input\":{\"@type\":\"PropertyValueSpecification\",\"valueRequired\":true,\"valueName\":\"search_term_string\"}}],\"inLanguage\":\"es\"},{\"@type\":\"Organization\",\"@id\":\"https:\\\/\\\/hostal-alegria.com\\\/en\\\/#organization\",\"name\":\"Hostel Alegr\u00eda in Atocha, Madrid center\",\"url\":\"https:\\\/\\\/hostal-alegria.com\\\/en\\\/\",\"logo\":{\"@type\":\"ImageObject\",\"inLanguage\":\"es\",\"@id\":\"https:\\\/\\\/hostal-alegria.com\\\/en\\\/#\\\/schema\\\/logo\\\/image\\\/\",\"url\":\"https:\\\/\\\/hostal-alegria.com\\\/en\\\/wp-content\\\/uploads\\\/sites\\\/2\\\/logotipo-hostal-alegria-en-atocha.png\",\"contentUrl\":\"https:\\\/\\\/hostal-alegria.com\\\/en\\\/wp-content\\\/uploads\\\/sites\\\/2\\\/logotipo-hostal-alegria-en-atocha.png\",\"width\":206,\"height\":208,\"caption\":\"Hostel Alegr\u00eda in Atocha, Madrid center\"},\"image\":{\"@id\":\"https:\\\/\\\/hostal-alegria.com\\\/en\\\/#\\\/schema\\\/logo\\\/image\\\/\"}}]}<\/script>\n<!-- \/ Yoast SEO plugin. -->","yoast_head_json":{"title":"Aviso Legal - Hostel Alegr\u00eda in Atocha, Madrid center","robots":{"index":"index","follow":"follow","max-snippet":"max-snippet:-1","max-image-preview":"max-image-preview:large","max-video-preview":"max-video-preview:-1"},"canonical":"https:\/\/hostal-alegria.com\/en\/aviso-legal\/","og_locale":"es_ES","og_type":"article","og_title":"Aviso Legal - Hostel Alegr\u00eda in Atocha, Madrid center","og_description":", provisto con NIF\/CIF , direcci\u00f3n , no puede asumir ninguna responsabilidad derivada del uso incorrecto, inapropiado o il\u00edcito de la informaci\u00f3n aparecida en la p\u00e1gina de Internet de Con los l\u00edmites establecidos en la ley, no asume ninguna responsabilidad derivada de la falta de veracidad, integridad, actualizaci\u00f3n y precisi\u00f3n de los datos o informaciones [&hellip;]","og_url":"https:\/\/hostal-alegria.com\/en\/aviso-legal\/","og_site_name":"Hostel Alegr\u00eda in Atocha, Madrid center","article_modified_time":"2020-10-13T09:08:09+00:00","twitter_card":"summary_large_image","twitter_misc":{"Tiempo de lectura":"2 minutos"},"schema":{"@context":"https:\/\/schema.org","@graph":[{"@type":"WebPage","@id":"https:\/\/hostal-alegria.com\/en\/aviso-legal\/","url":"https:\/\/hostal-alegria.com\/en\/aviso-legal\/","name":"Aviso Legal - Hostel Alegr\u00eda in Atocha, Madrid center","isPartOf":{"@id":"https:\/\/hostal-alegria.com\/en\/#website"},"datePublished":"2020-02-12T12:52:01+00:00","dateModified":"2020-10-13T09:08:09+00:00","breadcrumb":{"@id":"https:\/\/hostal-alegria.com\/en\/aviso-legal\/#breadcrumb"},"inLanguage":"es","potentialAction":[{"@type":"ReadAction","target":["https:\/\/hostal-alegria.com\/en\/aviso-legal\/"]}]},{"@type":"BreadcrumbList","@id":"https:\/\/hostal-alegria.com\/en\/aviso-legal\/#breadcrumb","itemListElement":[{"@type":"ListItem","position":1,"name":"Portada","item":"https:\/\/hostal-alegria.com\/en\/"},{"@type":"ListItem","position":2,"name":"Aviso Legal"}]},{"@type":"WebSite","@id":"https:\/\/hostal-alegria.com\/en\/#website","url":"https:\/\/hostal-alegria.com\/en\/","name":"Hostel Alegr\u00eda in Atocha, Madrid center","description":"Official Website - Best Price Guaranteed","publisher":{"@id":"https:\/\/hostal-alegria.com\/en\/#organization"},"potentialAction":[{"@type":"SearchAction","target":{"@type":"EntryPoint","urlTemplate":"https:\/\/hostal-alegria.com\/en\/?s={search_term_string}"},"query-input":{"@type":"PropertyValueSpecification","valueRequired":true,"valueName":"search_term_string"}}],"inLanguage":"es"},{"@type":"Organization","@id":"https:\/\/hostal-alegria.com\/en\/#organization","name":"Hostel Alegr\u00eda in Atocha, Madrid center","url":"https:\/\/hostal-alegria.com\/en\/","logo":{"@type":"ImageObject","inLanguage":"es","@id":"https:\/\/hostal-alegria.com\/en\/#\/schema\/logo\/image\/","url":"https:\/\/hostal-alegria.com\/en\/wp-content\/uploads\/sites\/2\/logotipo-hostal-alegria-en-atocha.png","contentUrl":"https:\/\/hostal-alegria.com\/en\/wp-content\/uploads\/sites\/2\/logotipo-hostal-alegria-en-atocha.png","width":206,"height":208,"caption":"Hostel Alegr\u00eda in Atocha, Madrid center"},"image":{"@id":"https:\/\/hostal-alegria.com\/en\/#\/schema\/logo\/image\/"}}]}},"acf":[],"_links":{"self":[{"href":"https:\/\/hostal-alegria.com\/en\/wp-json\/wp\/v2\/pages\/119","targetHints":{"allow":["GET"]}}],"collection":[{"href":"https:\/\/hostal-alegria.com\/en\/wp-json\/wp\/v2\/pages"}],"about":[{"href":"https:\/\/hostal-alegria.com\/en\/wp-json\/wp\/v2\/types\/page"}],"author":[{"embeddable":true,"href":"https:\/\/hostal-alegria.com\/en\/wp-json\/wp\/v2\/users\/1"}],"replies":[{"embeddable":true,"href":"https:\/\/hostal-alegria.com\/en\/wp-json\/wp\/v2\/comments?post=119"}],"version-history":[{"count":4,"href":"https:\/\/hostal-alegria.com\/en\/wp-json\/wp\/v2\/pages\/119\/revisions"}],"predecessor-version":[{"id":179,"href":"https:\/\/hostal-alegria.com\/en\/wp-json\/wp\/v2\/pages\/119\/revisions\/179"}],"wp:attachment":[{"href":"https:\/\/hostal-alegria.com\/en\/wp-json\/wp\/v2\/media?parent=119"}],"curies":[{"name":"wp","href":"https:\/\/api.w.org\/{rel}","templated":true}]}}